{"id":1159,"date":"2022-08-02T15:11:01","date_gmt":"2022-08-02T13:11:01","guid":{"rendered":"https:\/\/www.bett1.es\/info\/?page_id=1159"},"modified":"2022-08-30T14:44:56","modified_gmt":"2022-08-30T12:44:56","slug":"transmision-exitosa","status":"publish","type":"page","link":"https:\/\/www.bett1.es\/info\/transmision-exitosa\/","title":{"rendered":"\u00a1Gracias!"},"content":{"rendered":"\n<figure class=\"wp-block-image size-full\"><a href=\"https:\/\/www.bett1.es\/productos\/colchon-de-cuna-bodyguard\" target=\"_blank\" rel=\"noreferrer noopener\"><img loading=\"lazy\" decoding=\"async\" width=\"1260\" height=\"335\" src=\"https:\/\/storage.googleapis.com\/bett1-328410-infoportal-prod-es\/2022\/08\/bett1_guia-del-descanso_gracias-transmision-exitosa.png\" alt=\"\" class=\"wp-image-1375\" srcset=\"https:\/\/static.bett1.es\/2022\/08\/bett1_guia-del-descanso_gracias-transmision-exitosa.png 1260w, https:\/\/static.bett1.es\/2022\/08\/bett1_guia-del-descanso_gracias-transmision-exitosa-450x120.png 450w, https:\/\/static.bett1.es\/2022\/08\/bett1_guia-del-descanso_gracias-transmision-exitosa-950x253.png 950w, https:\/\/static.bett1.es\/2022\/08\/bett1_guia-del-descanso_gracias-transmision-exitosa-768x204.png 768w\" sizes=\"auto, (max-width: 1260px) 100vw, 1260px\" \/><\/a><\/figure>\n\n\n\n<p>Sus datos han sido enviados con \u00e9xito.<br>Eche un vistazo a la tienda online <a href=\"https:\/\/www.bett1.es\/\" target=\"_blank\" rel=\"noreferrer noopener\">bett1.es<\/a> o a nuestra <a href=\"https:\/\/www.bett1.es\/info\/\" target=\"_blank\" rel=\"noreferrer noopener\">gu\u00eda del descanso.<\/a><\/p>\n\n\n\n<p class=\"bouton_center\"><a style=\"display: block; color: #FFF; text-decoration: none;\n}\" href=\"https:\/\/bett1.es\/productos\">Descubra la gama BODYGUARD\u00ae<\/a><\/p>\n\n\n\n<div class=\"wp-block-columns is-layout-flex wp-container-core-columns-is-layout-9d6595d7 wp-block-columns-is-layout-flex\">\n<div class=\"wp-block-column is-layout-flow wp-block-column-is-layout-flow\">\n<img decoding=\"async\" src=\"https:\/\/storage.googleapis.com\/bett1-328410-infoportal-prod-es\/2022\/05\/bett1_funda_de_almohada.webp\">\n<p style=\"font-size:15px\">Como regla general, no se presta mucha atenci\u00f3n a la funda de almohada. Debes prestar atenci\u00f3n a que los qu\u00edmicos utilizados para crear ese color no sean perjudiciales para tu piel y que no decoloren.<br><a href=\"https:\/\/www.bett1.es\/info\/consejos-para-dormir-mejor\/como-elegir-la-funda-de-almohada\/\">\u00bfC\u00f3mo elegir la funda de almohada?<\/a><\/p>\n<\/div>\n\n\n\n<div class=\"wp-block-column is-layout-flow wp-block-column-is-layout-flow\">\n<img decoding=\"async\" src=\"https:\/\/storage.googleapis.com\/bett1-328410-infoportal-prod-es\/2022\/03\/mujer-trabajando-con-el-ordenador-en-el-sofa.jpg\">\n<p style=\"font-size:15px\">Si bien muchas personas compran su ropa principalmente en internet hoy en d\u00eda, algunas todav\u00eda lo critican. La situaci\u00f3n es muy similar a la hora de comprar colchones por Internet.<br><a href=\"https:\/\/www.bett1.es\/info\/consejos-para-dormir-mejor\/encuentra-el-colchon-adecuado\/\">\u00bfComprar colch\u00f3n online o en tienda f\u00edsica?<\/a><\/p>\n<\/div>\n\n\n\n<div class=\"wp-block-column is-layout-flow wp-block-column-is-layout-flow\">\n<img decoding=\"async\" src=\"https:\/\/storage.googleapis.com\/bett1-328410-infoportal-prod-es\/2021\/11\/bett1-hombre-se-queda-dormido.webp\">\n<p style=\"font-size:15px\">Dormir demasiado no te ayuda. Al contrario: si duermes demasiado, te sientes cansado y ap\u00e1tico.<br><a href=\"https:\/\/www.bett1.es\/info\/consejos-para-dormir-mejor\/trastorno-del-sueno-cuando-se-duerme-demasiado\/\">Dormir mucho: \u00bfcu\u00e1ndo se duerme demasiado?<\/a><\/p>\n<\/div>\n<\/div>\n","protected":false},"excerpt":{"rendered":"<p>Sus datos han sido enviados con \u00e9xito.Eche un vistazo a la tienda online bett1.es o a nuestra gu\u00eda del descanso. Descubra la gama BODYGUARD\u00ae Como regla general, no se presta mucha atenci\u00f3n a la funda de almohada. Debes prestar atenci\u00f3n a que los qu\u00edmicos utilizados para crear ese color no sean perjudiciales para tu piel [&hellip;]<\/p>\n","protected":false},"author":2,"featured_media":0,"parent":0,"menu_order":0,"comment_status":"closed","ping_status":"closed","template":"","meta":{"_acf_changed":false,"footnotes":""},"class_list":["post-1159","page","type-page","status-publish","hentry"],"acf":[],"yoast_head":"<!-- This site is optimized with the Yoast SEO Premium plugin v26.8 (Yoast SEO v26.9-RC2) - https:\/\/yoast.com\/product\/yoast-seo-premium-wordpress\/ -->\n<title>\u00a1Gracias! - Gu\u00eda del descanso - bett1.es<\/title>\n<meta name=\"robots\" content=\"index, follow, max-snippet:-1, max-image-preview:large, max-video-preview:-1\" \/>\n<link rel=\"canonical\" href=\"https:\/\/www.bett1.es\/info\/transmision-exitosa\/\" \/>\n<meta property=\"og:locale\" content=\"es_ES\" \/>\n<meta property=\"og:type\" content=\"article\" \/>\n<meta property=\"og:title\" content=\"\u00a1Gracias!\" \/>\n<meta property=\"og:description\" content=\"Sus datos han sido enviados con \u00e9xito.Eche un vistazo a la tienda online bett1.es o a nuestra gu\u00eda del descanso. Descubra la gama BODYGUARD\u00ae Como regla general, no se presta mucha atenci\u00f3n a la funda de almohada. Debes prestar atenci\u00f3n a que los qu\u00edmicos utilizados para crear ese color no sean perjudiciales para tu piel [&hellip;]\" \/>\n<meta property=\"og:url\" content=\"https:\/\/www.bett1.es\/info\/transmision-exitosa\/\" \/>\n<meta property=\"og:site_name\" content=\"Gu\u00eda del descanso - bett1.es\" \/>\n<meta property=\"article:modified_time\" content=\"2022-08-30T12:44:56+00:00\" \/>\n<meta property=\"og:image\" content=\"https:\/\/storage.googleapis.com\/bett1-tools-infoportal-staging-es\/2022\/08\/bett1_guia-del-descanso_gracias-transmision-exitosa.png\" \/>\n<meta name=\"twitter:card\" content=\"summary_large_image\" \/>\n<meta name=\"twitter:label1\" content=\"Est. reading time\" \/>\n\t<meta name=\"twitter:data1\" content=\"2 minutes\" \/>\n<script type=\"application\/ld+json\" class=\"yoast-schema-graph\">{\"@context\":\"https:\/\/schema.org\",\"@graph\":[{\"@type\":\"WebPage\",\"@id\":\"https:\/\/www.bett1.es\/info\/transmision-exitosa\/\",\"url\":\"https:\/\/www.bett1.es\/info\/transmision-exitosa\/\",\"name\":\"\u00a1Gracias! - Gu\u00eda del descanso - bett1.es\",\"isPartOf\":{\"@id\":\"https:\/\/www.bett1.es\/info\/#website\"},\"primaryImageOfPage\":{\"@id\":\"https:\/\/www.bett1.es\/info\/transmision-exitosa\/#primaryimage\"},\"image\":{\"@id\":\"https:\/\/www.bett1.es\/info\/transmision-exitosa\/#primaryimage\"},\"thumbnailUrl\":\"https:\/\/storage.googleapis.com\/bett1-328410-infoportal-prod-es\/2022\/08\/bett1_guia-del-descanso_gracias-transmision-exitosa.png\",\"datePublished\":\"2022-08-02T13:11:01+00:00\",\"dateModified\":\"2022-08-30T12:44:56+00:00\",\"breadcrumb\":{\"@id\":\"https:\/\/www.bett1.es\/info\/transmision-exitosa\/#breadcrumb\"},\"inLanguage\":\"es-ES\",\"potentialAction\":[{\"@type\":\"ReadAction\",\"target\":[\"https:\/\/www.bett1.es\/info\/transmision-exitosa\/\"]}]},{\"@type\":\"ImageObject\",\"inLanguage\":\"es-ES\",\"@id\":\"https:\/\/www.bett1.es\/info\/transmision-exitosa\/#primaryimage\",\"url\":\"https:\/\/storage.googleapis.com\/bett1-328410-infoportal-prod-es\/2022\/08\/bett1_guia-del-descanso_gracias-transmision-exitosa.png\",\"contentUrl\":\"https:\/\/storage.googleapis.com\/bett1-328410-infoportal-prod-es\/2022\/08\/bett1_guia-del-descanso_gracias-transmision-exitosa.png\"},{\"@type\":\"BreadcrumbList\",\"@id\":\"https:\/\/www.bett1.es\/info\/transmision-exitosa\/#breadcrumb\",\"itemListElement\":[{\"@type\":\"ListItem\",\"position\":1,\"name\":\"Home\",\"item\":\"https:\/\/www.bett1.es\/info\/\"},{\"@type\":\"ListItem\",\"position\":2,\"name\":\"\u00a1Gracias!\"}]},{\"@type\":\"WebSite\",\"@id\":\"https:\/\/www.bett1.es\/info\/#website\",\"url\":\"https:\/\/www.bett1.es\/info\/\",\"name\":\"Gu\u00eda del descanso - bett1.es\",\"description\":\"Consejos para dormir mejor, curiosidades y descanso\",\"potentialAction\":[{\"@type\":\"SearchAction\",\"target\":{\"@type\":\"EntryPoint\",\"urlTemplate\":\"https:\/\/www.bett1.es\/info\/?s={search_term_string}\"},\"query-input\":{\"@type\":\"PropertyValueSpecification\",\"valueRequired\":true,\"valueName\":\"search_term_string\"}}],\"inLanguage\":\"es-ES\"}]}<\/script>\n<!-- \/ Yoast SEO Premium plugin. -->","yoast_head_json":{"title":"\u00a1Gracias! - Gu\u00eda del descanso - bett1.es","robots":{"index":"index","follow":"follow","max-snippet":"max-snippet:-1","max-image-preview":"max-image-preview:large","max-video-preview":"max-video-preview:-1"},"canonical":"https:\/\/www.bett1.es\/info\/transmision-exitosa\/","og_locale":"es_ES","og_type":"article","og_title":"\u00a1Gracias!","og_description":"Sus datos han sido enviados con \u00e9xito.Eche un vistazo a la tienda online bett1.es o a nuestra gu\u00eda del descanso. Descubra la gama BODYGUARD\u00ae Como regla general, no se presta mucha atenci\u00f3n a la funda de almohada. Debes prestar atenci\u00f3n a que los qu\u00edmicos utilizados para crear ese color no sean perjudiciales para tu piel [&hellip;]","og_url":"https:\/\/www.bett1.es\/info\/transmision-exitosa\/","og_site_name":"Gu\u00eda del descanso - bett1.es","article_modified_time":"2022-08-30T12:44:56+00:00","og_image":[{"url":"https:\/\/storage.googleapis.com\/bett1-tools-infoportal-staging-es\/2022\/08\/bett1_guia-del-descanso_gracias-transmision-exitosa.png","type":"","width":"","height":""}],"twitter_card":"summary_large_image","twitter_misc":{"Est. reading time":"2 minutes"},"schema":{"@context":"https:\/\/schema.org","@graph":[{"@type":"WebPage","@id":"https:\/\/www.bett1.es\/info\/transmision-exitosa\/","url":"https:\/\/www.bett1.es\/info\/transmision-exitosa\/","name":"\u00a1Gracias! - Gu\u00eda del descanso - bett1.es","isPartOf":{"@id":"https:\/\/www.bett1.es\/info\/#website"},"primaryImageOfPage":{"@id":"https:\/\/www.bett1.es\/info\/transmision-exitosa\/#primaryimage"},"image":{"@id":"https:\/\/www.bett1.es\/info\/transmision-exitosa\/#primaryimage"},"thumbnailUrl":"https:\/\/storage.googleapis.com\/bett1-328410-infoportal-prod-es\/2022\/08\/bett1_guia-del-descanso_gracias-transmision-exitosa.png","datePublished":"2022-08-02T13:11:01+00:00","dateModified":"2022-08-30T12:44:56+00:00","breadcrumb":{"@id":"https:\/\/www.bett1.es\/info\/transmision-exitosa\/#breadcrumb"},"inLanguage":"es-ES","potentialAction":[{"@type":"ReadAction","target":["https:\/\/www.bett1.es\/info\/transmision-exitosa\/"]}]},{"@type":"ImageObject","inLanguage":"es-ES","@id":"https:\/\/www.bett1.es\/info\/transmision-exitosa\/#primaryimage","url":"https:\/\/storage.googleapis.com\/bett1-328410-infoportal-prod-es\/2022\/08\/bett1_guia-del-descanso_gracias-transmision-exitosa.png","contentUrl":"https:\/\/storage.googleapis.com\/bett1-328410-infoportal-prod-es\/2022\/08\/bett1_guia-del-descanso_gracias-transmision-exitosa.png"},{"@type":"BreadcrumbList","@id":"https:\/\/www.bett1.es\/info\/transmision-exitosa\/#breadcrumb","itemListElement":[{"@type":"ListItem","position":1,"name":"Home","item":"https:\/\/www.bett1.es\/info\/"},{"@type":"ListItem","position":2,"name":"\u00a1Gracias!"}]},{"@type":"WebSite","@id":"https:\/\/www.bett1.es\/info\/#website","url":"https:\/\/www.bett1.es\/info\/","name":"Gu\u00eda del descanso - bett1.es","description":"Consejos para dormir mejor, curiosidades y descanso","potentialAction":[{"@type":"SearchAction","target":{"@type":"EntryPoint","urlTemplate":"https:\/\/www.bett1.es\/info\/?s={search_term_string}"},"query-input":{"@type":"PropertyValueSpecification","valueRequired":true,"valueName":"search_term_string"}}],"inLanguage":"es-ES"}]}},"_links":{"self":[{"href":"https:\/\/www.bett1.es\/info\/wp-json\/wp\/v2\/pages\/1159","targetHints":{"allow":["GET"]}}],"collection":[{"href":"https:\/\/www.bett1.es\/info\/wp-json\/wp\/v2\/pages"}],"about":[{"href":"https:\/\/www.bett1.es\/info\/wp-json\/wp\/v2\/types\/page"}],"author":[{"embeddable":true,"href":"https:\/\/www.bett1.es\/info\/wp-json\/wp\/v2\/users\/2"}],"replies":[{"embeddable":true,"href":"https:\/\/www.bett1.es\/info\/wp-json\/wp\/v2\/comments?post=1159"}],"version-history":[{"count":45,"href":"https:\/\/www.bett1.es\/info\/wp-json\/wp\/v2\/pages\/1159\/revisions"}],"predecessor-version":[{"id":1381,"href":"https:\/\/www.bett1.es\/info\/wp-json\/wp\/v2\/pages\/1159\/revisions\/1381"}],"wp:attachment":[{"href":"https:\/\/www.bett1.es\/info\/wp-json\/wp\/v2\/media?parent=1159"}],"curies":[{"name":"wp","href":"https:\/\/api.w.org\/{rel}","templated":true}]}}