{"id":1185,"date":"2022-08-19T11:53:53","date_gmt":"2022-08-19T09:53:53","guid":{"rendered":"https:\/\/www.bett1.es\/info\/?page_id=1185"},"modified":"2022-09-27T10:29:11","modified_gmt":"2022-09-27T08:29:11","slug":"condiciones-de-participacion-elenna-navarro","status":"publish","type":"page","link":"https:\/\/www.bett1.es\/info\/condiciones-de-participacion-elenna-navarro\/","title":{"rendered":"Condiciones de participaci\u00f3n &#8211; Elenna Navarro"},"content":{"rendered":"\n<h1 class=\"wp-block-heading\">I. Objeto de las Condiciones de Participaci\u00f3n<\/h1>\n\n\n\n<p>1. bett1.de GmbH, Tauentzienstr.&nbsp;11, 10789 Berl\u00edn (en adelante, \u00abbett1.de\u00bb o \u00abnosotros\u00bb), organiza una campa\u00f1a de sorteo a trav\u00e9s de las redes sociales de <strong>\u00abElenna Navarro\u00bb <a href=\"https:\/\/www.instagram.com\/elenna.navarro\/\">https:\/\/www.instagram.com\/elenna.navarro\/<\/a><\/strong><br>2. Los siguientes t\u00e9rminos y condiciones se aplican a la participaci\u00f3n del sorteo.&nbsp;Al participar en el sorteo, aceptas la validez de estas condiciones de participaci\u00f3n.<\/p>\n\n\n\n<h1 class=\"wp-block-heading\">II. Elegibilidad<\/h1>\n\n\n\n<p>1. Solo pueden participar las personas f\u00edsicas mayores de 18 a\u00f1os que residan en la Pen\u00ednsula de Espa\u00f1a o Islas Baleares (Quedan excluidas las Islas Canarias, Ceuta y Melilla). Quedan excluidos de la participaci\u00f3n los empleados de bett1.de, as\u00ed como los empleados de las empresas afiliadas a bett1.de en Alemania y en el extranjero.<br>2. No hay derecho a participar en el concurso.<\/p>\n\n\n\n<h1 class=\"wp-block-heading\">II. Procedimiento<\/h1>\n\n\n\n<p>1. El sorteo tendr\u00e1 lugar el 28\/09\/2022, 0:00 am hasta el 17\/10\/2022, 23:59 pm.\u00a0La participaci\u00f3n es gratuita.<br>2. Para participar es necesario cumplir las siguientes condiciones:<\/p>\n\n\n\n<p>a) Visite nuestra&nbsp;<a href=\"https:\/\/www.bett1.es\/info\/sorteo-elena\/\" target=\"_blank\" rel=\"noreferrer noopener\">p\u00e1gina de sorteos.<\/a><br>b) Registrarse utilizando el formulario del concurso.<br>c) Env\u00edenos su nombre, su direcci\u00f3n de correo electr\u00f3nico, nick de instagram y el tama\u00f1o de colch\u00f3n deseado utilizando el formulario.&nbsp;El sorteo se realizar\u00e1 entre todos los participantes que se hayan inscrito en el sorteo mediante el formulario del sorteo.<\/p>\n\n\n\n<p>3. Puede participar una vez por per\u00edodo del sorteo.&nbsp;Se sortear\u00e1n dos ganadores.<br>4. Se excluye el recurso legal.<\/p>\n\n\n\n<h1 class=\"wp-block-heading\">IV. Sorteo; Elecci\u00f3n de los ganadores; Notificaci\u00f3n de las ganancias; Obligaci\u00f3n de proporcionar retroalimentaci\u00f3n<\/h1>\n\n\n\n<p><\/p>\n\n\n\n<p>1. Se sortear\u00e1n un total de&nbsp;2 <a href=\"https:\/\/www.bett1.es\/productos\/colchon-bodyguard\" target=\"_blank\" rel=\"noreferrer noopener\">colchones BODYGUARD\u00ae<\/a>&nbsp;en el formato deseado. Un pago del premio o un intercambio no es posible.&nbsp;<\/p>\n\n\n\n<p>2. De entre todos los participantes que se hayan inscrito bett1.de elegir\u00e1 al azar a los ganadores. Informaremos a los ganadores el <strong>19 de octubre de 2022<\/strong> por correo electr\u00f3nico a la direcci\u00f3n de correo electr\u00f3nico proporcionada en el formulario de inscripci\u00f3n.\u00a0El ganador tendr\u00e1 hasta el d\u00eda <strong>23 de octubre de 2022<\/strong> a\u00a0m\u00e1s tardar para contestar al email y decirnos su nombre completo,\u00a0direcci\u00f3n postal\u00a0y fecha de nacimiento.\u00a0No podemos considerar ning\u00fan email que no se reciba a tiempo y el premio se perder\u00e1 sin compensaci\u00f3n alguna.\u00a0La solicitud de la\u00a0direcci\u00f3n postal\u00a0se utiliza para el env\u00edo en caso de ganar, la solicitud de la fecha de nacimiento se utiliza para verificar la elegibilidad para participar.\u00a0<br>3. Despu\u00e9s de proporcionar su\u00a0direcci\u00f3n, el premio se enviar\u00e1 al ganador de forma gratuita por parte de bett1.de.<br>4. No es posible el pago del premio en efectivo o un intercambio.\u00a0El premio no es transferible.<\/p>\n\n\n\n<h1 class=\"wp-block-heading\">V. Exclusi\u00f3n de los participantes y ganadores; finalizaci\u00f3n prematura del concurso<\/h1>\n\n\n\n<p>1. En caso de violaci\u00f3n de estas condiciones de participaci\u00f3n, en particular una violaci\u00f3n de los derechos de autor, bet1.de tiene derecho a excluir al participante en cuesti\u00f3n del concurso.&nbsp;Si el ganador ya ha sido seleccionado, el premio tambi\u00e9n puede ser revocado posteriormente.<br>2. bett1.de tiene derecho en cualquier momento a cancelar o finalizar el concurso prematuramente sin previo aviso si el concurso est\u00e1 teniendo en cuenta los intereses leg\u00edtimos de los ganadores ya determinados y ya no se puede llevar a cabo correctamente.&nbsp;bett1.de informar\u00e1 a los participantes de la terminaci\u00f3n prematura de manera adecuada.<\/p>\n\n\n\n<h1 class=\"wp-block-heading\">VI.&nbsp;Recopilaci\u00f3n, uso y almacenamiento de su informaci\u00f3n personal<\/h1>\n\n\n\n<p>1. El ganador acepta que sus datos sean almacenados y procesados por bett1.es en el marco del concurso. Cualquier otra revelaci\u00f3n no tendr\u00e1 lugar.&nbsp;La solicitud de datos personales sirve para determinar la identidad del ganador (nombre y apellido).&nbsp;La solicitud del nombre completo y&nbsp;la direcci\u00f3n postal&nbsp;se utiliza para el env\u00edo en caso de ganar.&nbsp;La consulta de la fecha de nacimiento sirve para determinar la mayor\u00eda de edad.<br>2. Los datos almacenados se eliminar\u00e1n por completo a m\u00e1s tardar 14 d\u00edas despu\u00e9s del env\u00edo de los premios.<\/p>\n\n\n\n<h1 class=\"wp-block-heading\">VII. Disposiciones Finales<\/h1>\n\n\n\n<p>1. Se excluye el proceso legal.<br>2. Se aplicar\u00e1 exclusivamente la ley de la Rep\u00fablica Federal de Alemania, con exclusi\u00f3n de las disposiciones de la Convenci\u00f3n de las Naciones Unidas sobre los Contratos de Compraventa Internacional de Mercader\u00edas (Convenci\u00f3n de Compraventa de las Naciones Unidas).<br>3. En caso de que las disposiciones individuales de estas Condiciones de participaci\u00f3n sean o se vuelvan inv\u00e1lidas o inaplicables, esto no afectar\u00e1 la validez legal de las condiciones restantes.<\/p>\n","protected":false},"excerpt":{"rendered":"<p>I. Objeto de las Condiciones de Participaci\u00f3n 1. bett1.de GmbH, Tauentzienstr.&nbsp;11, 10789 Berl\u00edn (en adelante, \u00abbett1.de\u00bb o \u00abnosotros\u00bb), organiza una campa\u00f1a de sorteo a trav\u00e9s de las redes sociales de \u00abElenna Navarro\u00bb https:\/\/www.instagram.com\/elenna.navarro\/2. Los siguientes t\u00e9rminos y condiciones se aplican a la participaci\u00f3n del sorteo.&nbsp;Al participar en el sorteo, aceptas la validez de estas condiciones [&hellip;]<\/p>\n","protected":false},"author":8,"featured_media":0,"parent":0,"menu_order":0,"comment_status":"closed","ping_status":"closed","template":"","meta":{"_acf_changed":false,"footnotes":""},"class_list":["post-1185","page","type-page","status-publish","hentry"],"acf":[],"yoast_head":"<!-- This site is optimized with the Yoast SEO Premium plugin v26.8 (Yoast SEO v26.9-RC2) - https:\/\/yoast.com\/product\/yoast-seo-premium-wordpress\/ -->\n<title>Condiciones de participaci\u00f3n - Elenna Navarro - Gu\u00eda del descanso - bett1.es<\/title>\n<meta name=\"description\" content=\"Se sortear\u00e1n un total de\u00a02 colchones BODYGUARD\u00ae\u00a0en el formato deseado. Un pago del premio o un intercambio no es posible.\u00a0\" \/>\n<meta name=\"robots\" content=\"index, follow, max-snippet:-1, max-image-preview:large, max-video-preview:-1\" \/>\n<link rel=\"canonical\" href=\"https:\/\/www.bett1.es\/info\/condiciones-de-participacion-elenna-navarro\/\" \/>\n<meta property=\"og:locale\" content=\"es_ES\" \/>\n<meta property=\"og:type\" content=\"article\" \/>\n<meta property=\"og:title\" content=\"Condiciones de participaci\u00f3n - Elenna Navarro\" \/>\n<meta property=\"og:description\" content=\"Se sortear\u00e1n un total de\u00a02 colchones BODYGUARD\u00ae\u00a0en el formato deseado. Un pago del premio o un intercambio no es posible.\u00a0\" \/>\n<meta property=\"og:url\" content=\"https:\/\/www.bett1.es\/info\/condiciones-de-participacion-elenna-navarro\/\" \/>\n<meta property=\"og:site_name\" content=\"Gu\u00eda del descanso - bett1.es\" \/>\n<meta property=\"article:modified_time\" content=\"2022-09-27T08:29:11+00:00\" \/>\n<meta name=\"twitter:card\" content=\"summary_large_image\" \/>\n<meta name=\"twitter:label1\" content=\"Est. reading time\" \/>\n\t<meta name=\"twitter:data1\" content=\"4 minutos\" \/>\n<script type=\"application\/ld+json\" class=\"yoast-schema-graph\">{\"@context\":\"https:\/\/schema.org\",\"@graph\":[{\"@type\":\"WebPage\",\"@id\":\"https:\/\/www.bett1.es\/info\/condiciones-de-participacion-elenna-navarro\/\",\"url\":\"https:\/\/www.bett1.es\/info\/condiciones-de-participacion-elenna-navarro\/\",\"name\":\"Condiciones de participaci\u00f3n - Elenna Navarro - Gu\u00eda del descanso - bett1.es\",\"isPartOf\":{\"@id\":\"https:\/\/www.bett1.es\/info\/#website\"},\"datePublished\":\"2022-08-19T09:53:53+00:00\",\"dateModified\":\"2022-09-27T08:29:11+00:00\",\"description\":\"Se sortear\u00e1n un total de\u00a02 colchones BODYGUARD\u00ae\u00a0en el formato deseado. Un pago del premio o un intercambio no es posible.\u00a0\",\"breadcrumb\":{\"@id\":\"https:\/\/www.bett1.es\/info\/condiciones-de-participacion-elenna-navarro\/#breadcrumb\"},\"inLanguage\":\"es\",\"potentialAction\":[{\"@type\":\"ReadAction\",\"target\":[\"https:\/\/www.bett1.es\/info\/condiciones-de-participacion-elenna-navarro\/\"]}]},{\"@type\":\"BreadcrumbList\",\"@id\":\"https:\/\/www.bett1.es\/info\/condiciones-de-participacion-elenna-navarro\/#breadcrumb\",\"itemListElement\":[{\"@type\":\"ListItem\",\"position\":1,\"name\":\"Home\",\"item\":\"https:\/\/www.bett1.es\/info\/\"},{\"@type\":\"ListItem\",\"position\":2,\"name\":\"Condiciones de participaci\u00f3n &#8211; Elenna Navarro\"}]},{\"@type\":\"WebSite\",\"@id\":\"https:\/\/www.bett1.es\/info\/#website\",\"url\":\"https:\/\/www.bett1.es\/info\/\",\"name\":\"Gu\u00eda del descanso - bett1.es\",\"description\":\"Consejos para dormir mejor, curiosidades y descanso\",\"potentialAction\":[{\"@type\":\"SearchAction\",\"target\":{\"@type\":\"EntryPoint\",\"urlTemplate\":\"https:\/\/www.bett1.es\/info\/?s={search_term_string}\"},\"query-input\":{\"@type\":\"PropertyValueSpecification\",\"valueRequired\":true,\"valueName\":\"search_term_string\"}}],\"inLanguage\":\"es\"}]}<\/script>\n<!-- \/ Yoast SEO Premium plugin. -->","yoast_head_json":{"title":"Condiciones de participaci\u00f3n - Elenna Navarro - Gu\u00eda del descanso - bett1.es","description":"Se sortear\u00e1n un total de\u00a02 colchones BODYGUARD\u00ae\u00a0en el formato deseado. Un pago del premio o un intercambio no es posible.\u00a0","robots":{"index":"index","follow":"follow","max-snippet":"max-snippet:-1","max-image-preview":"max-image-preview:large","max-video-preview":"max-video-preview:-1"},"canonical":"https:\/\/www.bett1.es\/info\/condiciones-de-participacion-elenna-navarro\/","og_locale":"es_ES","og_type":"article","og_title":"Condiciones de participaci\u00f3n - Elenna Navarro","og_description":"Se sortear\u00e1n un total de\u00a02 colchones BODYGUARD\u00ae\u00a0en el formato deseado. Un pago del premio o un intercambio no es posible.\u00a0","og_url":"https:\/\/www.bett1.es\/info\/condiciones-de-participacion-elenna-navarro\/","og_site_name":"Gu\u00eda del descanso - bett1.es","article_modified_time":"2022-09-27T08:29:11+00:00","twitter_card":"summary_large_image","twitter_misc":{"Est. reading time":"4 minutos"},"schema":{"@context":"https:\/\/schema.org","@graph":[{"@type":"WebPage","@id":"https:\/\/www.bett1.es\/info\/condiciones-de-participacion-elenna-navarro\/","url":"https:\/\/www.bett1.es\/info\/condiciones-de-participacion-elenna-navarro\/","name":"Condiciones de participaci\u00f3n - Elenna Navarro - Gu\u00eda del descanso - bett1.es","isPartOf":{"@id":"https:\/\/www.bett1.es\/info\/#website"},"datePublished":"2022-08-19T09:53:53+00:00","dateModified":"2022-09-27T08:29:11+00:00","description":"Se sortear\u00e1n un total de\u00a02 colchones BODYGUARD\u00ae\u00a0en el formato deseado. Un pago del premio o un intercambio no es posible.\u00a0","breadcrumb":{"@id":"https:\/\/www.bett1.es\/info\/condiciones-de-participacion-elenna-navarro\/#breadcrumb"},"inLanguage":"es","potentialAction":[{"@type":"ReadAction","target":["https:\/\/www.bett1.es\/info\/condiciones-de-participacion-elenna-navarro\/"]}]},{"@type":"BreadcrumbList","@id":"https:\/\/www.bett1.es\/info\/condiciones-de-participacion-elenna-navarro\/#breadcrumb","itemListElement":[{"@type":"ListItem","position":1,"name":"Home","item":"https:\/\/www.bett1.es\/info\/"},{"@type":"ListItem","position":2,"name":"Condiciones de participaci\u00f3n &#8211; Elenna Navarro"}]},{"@type":"WebSite","@id":"https:\/\/www.bett1.es\/info\/#website","url":"https:\/\/www.bett1.es\/info\/","name":"Gu\u00eda del descanso - bett1.es","description":"Consejos para dormir mejor, curiosidades y descanso","potentialAction":[{"@type":"SearchAction","target":{"@type":"EntryPoint","urlTemplate":"https:\/\/www.bett1.es\/info\/?s={search_term_string}"},"query-input":{"@type":"PropertyValueSpecification","valueRequired":true,"valueName":"search_term_string"}}],"inLanguage":"es"}]}},"_links":{"self":[{"href":"https:\/\/www.bett1.es\/info\/wp-json\/wp\/v2\/pages\/1185","targetHints":{"allow":["GET"]}}],"collection":[{"href":"https:\/\/www.bett1.es\/info\/wp-json\/wp\/v2\/pages"}],"about":[{"href":"https:\/\/www.bett1.es\/info\/wp-json\/wp\/v2\/types\/page"}],"author":[{"embeddable":true,"href":"https:\/\/www.bett1.es\/info\/wp-json\/wp\/v2\/users\/8"}],"replies":[{"embeddable":true,"href":"https:\/\/www.bett1.es\/info\/wp-json\/wp\/v2\/comments?post=1185"}],"version-history":[{"count":9,"href":"https:\/\/www.bett1.es\/info\/wp-json\/wp\/v2\/pages\/1185\/revisions"}],"predecessor-version":[{"id":1458,"href":"https:\/\/www.bett1.es\/info\/wp-json\/wp\/v2\/pages\/1185\/revisions\/1458"}],"wp:attachment":[{"href":"https:\/\/www.bett1.es\/info\/wp-json\/wp\/v2\/media?parent=1185"}],"curies":[{"name":"wp","href":"https:\/\/api.w.org\/{rel}","templated":true}]}}